{"id":3,"date":"2025-10-27T20:08:56","date_gmt":"2025-10-27T20:08:56","guid":{"rendered":"https:\/\/lauraluquin.com\/?page_id=3"},"modified":"2025-11-23T14:43:21","modified_gmt":"2025-11-23T20:43:21","slug":"aviso-de-privacidad","status":"publish","type":"page","link":"https:\/\/lauraluquin.com\/fr\/aviso-de-privacidad\/","title":{"rendered":"Politique de confidentialit\u00e9"},"content":{"rendered":"<div data-elementor-type=\"wp-page\" data-elementor-id=\"3\" class=\"elementor elementor-3\" data-elementor-post-type=\"page\">\n\t\t\t\t<div class=\"elementor-element elementor-element-e500882 e-con-full e-flex e-con e-parent\" data-id=\"e500882\" data-element_type=\"container\" data-e-type=\"container\" data-settings=\"{&quot;background_background&quot;:&quot;classic&quot;}\">\n\t\t<div class=\"elementor-element elementor-element-5aee1e7 e-flex e-con-boxed e-con e-child\" data-id=\"5aee1e7\" data-element_type=\"container\" data-e-type=\"container\">\n\t\t\t\t\t<div class=\"e-con-inner\">\n\t\t<div class=\"elementor-element elementor-element-9ee02a4 e-flex e-con-boxed e-con e-child\" data-id=\"9ee02a4\" data-element_type=\"container\" data-e-type=\"container\" data-settings=\"{&quot;background_background&quot;:&quot;classic&quot;}\">\n\t\t\t\t\t<div class=\"e-con-inner\">\n\t\t\t\t<div class=\"elementor-element elementor-element-32ababe elementor-widget elementor-widget-heading\" data-id=\"32ababe\" data-element_type=\"widget\" data-e-type=\"widget\" data-widget_type=\"heading.default\">\n\t\t\t\t\t<h1 class=\"elementor-heading-title elementor-size-default\">Politique de confidentialit\u00e9<\/h1>\t\t\t\t<\/div>\n\t\t\t\t\t<\/div>\n\t\t\t\t<\/div>\n\t\t\t\t\t<\/div>\n\t\t\t\t<\/div>\n\t\t\t\t<\/div>\n\t\t<div class=\"elementor-element elementor-element-dad5a62 e-flex e-con-boxed e-con e-parent\" data-id=\"dad5a62\" data-element_type=\"container\" data-e-type=\"container\">\n\t\t\t\t\t<div class=\"e-con-inner\">\n\t\t\t\t<div class=\"elementor-element elementor-element-ae05e7b elementor-widget__width-initial elementor-widget elementor-widget-text-editor\" data-id=\"ae05e7b\" data-element_type=\"widget\" data-e-type=\"widget\" data-widget_type=\"text-editor.default\">\n\t\t\t\t\t\t\t\t\t<p>LAURA TERESA LUQUIN BARAJAS, plus connue sous le nom de Laura Luquin, hom\u00e9opathe sp\u00e9cialiste du diab\u00e8te, domicili\u00e9e au Fruto Romero 2443, El Dean, 44440, Guadalajara, Jal., et dont le site internet est lauraluquin.com, est responsable de l\u2019utilisation et de la protection de vos donn\u00e9es personnelles. \u00c0 ce titre, nous vous informons de ce qui suit :<br \/>\u00c0 quelles fins utiliserons-nous vos donn\u00e9es personnelles ?<br \/>Les donn\u00e9es personnelles que nous recueillons aupr\u00e8s de vous seront utilis\u00e9es aux fins suivantes, n\u00e9cessaires \u00e0 la fourniture du service que vous sollicitez :\n\u2022 La prestation de tout service demand\u00e9.<\/p><p>Quelles donn\u00e9es personnelles utiliserons-nous \u00e0 ces fins ?<br \/>Afin de r\u00e9aliser les finalit\u00e9s d\u00e9crites dans la pr\u00e9sente politique de confidentialit\u00e9, nous utiliserons les donn\u00e9es personnelles suivantes :\n\u2022 Donn\u00e9es d\u2019identification et de contact.<\/p><p>Comment pouvez-vous acc\u00e9der \u00e0 vos donn\u00e9es personnelles, les rectifier ou les supprimer, vous opposer \u00e0 leur utilisation, ou exercer la r\u00e9vocation de votre consentement ?<br \/>Vous avez le droit de savoir quelles donn\u00e9es personnelles nous d\u00e9tenons \u00e0 votre sujet, dans quel but nous les utilisons et dans quelles conditions nous les traitons (Acc\u00e8s). De m\u00eame, vous avez le droit de demander la correction de vos informations personnelles si elles sont obsol\u00e8tes, inexactes ou incompl\u00e8tes (Rectification) ; de demander leur suppression de nos registres ou bases de donn\u00e9es lorsque vous estimez qu\u2019elles ne sont pas utilis\u00e9es de mani\u00e8re appropri\u00e9e (Suppression) ; ainsi que de vous opposer \u00e0 l\u2019utilisation de vos donn\u00e9es personnelles \u00e0 des fins sp\u00e9cifiques (Opposition).<\/p><p>(Opposition). Ces droits sont connus sous le nom de droits ARCO.<br \/>Pour exercer l\u2019un quelconque de vos droits ARCO, vous devez envoyer une demande par courrier \u00e9lectronique \u00e0 l\u2019adresse suivante : dra.lauraluquin15@gmail.com\n. Celle-ci devra contenir :<\/p><p>Nom complet du titulaire.<br \/>Adresse.<br \/>Num\u00e9ro de t\u00e9l\u00e9phone.<br \/>Adresse e-mail utilis\u00e9e sur ce site web.<br \/>Copie d\u2019une pi\u00e8ce d\u2019identit\u00e9 officielle en pi\u00e8ce jointe.<\/p><p>Objet : \u00ab Droits ARCO \u00bb<br \/>Description de l\u2019objet de la demande, laquelle peut inclure, de mani\u00e8re \u00e9nonciative et non limitative, les \u00e9l\u00e9ments suivants : la r\u00e9vocation du consentement au traitement de vos donn\u00e9es personnelles ; et\/ou la notification d\u2019un usage inappropri\u00e9 de vos donn\u00e9es personnelles ; et\/ou l\u2019exercice de vos droits ARCO, avec une description claire et pr\u00e9cise des donn\u00e9es auxquelles vous souhaitez acc\u00e9der, que vous souhaitez rectifier, supprimer ou auxquelles vous souhaitez vous opposer. En cas de rectification de donn\u00e9es personnelles, vous devrez indiquer la modification exacte et joindre les documents justificatifs correspondants. Il est important de noter qu\u2019en cas de r\u00e9vocation de votre consentement, vous devez tenir compte du fait que, dans certains cas, nous ne pourrons pas donner suite \u00e0 votre demande ou cesser imm\u00e9diatement l\u2019utilisation de vos donn\u00e9es, notamment lorsque nous sommes tenus, en vertu d\u2019une obligation l\u00e9gale, de continuer \u00e0 les traiter. De m\u00eame, vous devez consid\u00e9rer que, pour certaines finalit\u00e9s, la r\u00e9vocation de votre consentement impliquera que nous ne pourrons plus vous fournir le service demand\u00e9, ou entra\u00eenera la fin de votre relation avec nous.<\/p><p>Dans combien de jours vous r\u00e9pondrons-nous \u00e0 votre demande ?\n20 jours<br \/>Par quel moyen vous communiquerons-nous la r\u00e9ponse \u00e0 votre demande ?\n\u00c0 la m\u00eame adresse e-mail que celle depuis laquelle la demande a \u00e9t\u00e9 envoy\u00e9e.<\/p><p>L\u2019utilisation de technologies de suivi sur notre site internet<br \/>Nous vous informons que, sur notre site internet, nous utilisons des cookies, des balises web (web beacons) ou d\u2019autres technologies, gr\u00e2ce auxquelles il est possible de surveiller votre comportement en tant qu\u2019utilisateur d\u2019internet, ainsi que de vous offrir un meilleur service et une meilleure exp\u00e9rience de navigation sur notre site. Les donn\u00e9es personnelles que nous obtenons gr\u00e2ce \u00e0 ces technologies de suivi sont les suivantes :\n\u2022 Identifiants, nom d\u2019utilisateur et mots de passe de session\n\u2022 Langue pr\u00e9f\u00e9r\u00e9e de l\u2019utilisateur<\/p><p>Ces cookies, balises web (web beacons) et autres technologies peuvent \u00eatre d\u00e9sactiv\u00e9es. Pour savoir comment proc\u00e9der, veuillez consulter le menu d\u2019aide de votre navigateur. Veuillez noter qu\u2019en d\u00e9sactivant les cookies, il est possible que vous ne puissiez pas acc\u00e9der \u00e0 certaines fonctionnalit\u00e9s personnalis\u00e9es sur notre site web.<\/p><p>Comment pouvez-vous \u00eatre inform\u00e9(e) des modifications apport\u00e9es \u00e0 la pr\u00e9sente politique de confidentialit\u00e9 ?<\/p><p class=\"translation-block\">La pr\u00e9sente politique de confidentialit\u00e9 peut faire l\u2019objet de modifications, de changements ou de mises \u00e0 jour en raison de nouvelles exigences l\u00e9gales ; de nos propres besoins li\u00e9s aux produits ou services que nous proposons ; de nos pratiques en mati\u00e8re de confidentialit\u00e9 ; de changements dans notre mod\u00e8le \u00e9conomique, ou pour d\u2019autres raisons. Nous nous engageons \u00e0 maintenir cette politique de confidentialit\u00e9 \u00e0 jour en fonction des \u00e9ventuelles modifications, et vous pourrez toujours consulter les mises \u00e0 jour sur le site web lauraluquin.com.\nDerni\u00e8re mise \u00e0 jour de la pr\u00e9sente politique de confidentialit\u00e9 : 15\/11\/2024<\/p>\t\t\t\t\t\t\t\t<\/div>\n\t\t\t\t\t<\/div>\n\t\t\t\t<\/div>\n\t\t\t\t<\/div>","protected":false},"excerpt":{"rendered":"<p>Aviso de privacidad LAURA TERESA LUQUIN BARAJAS, m\u00e1s conocida como Laura Luquin, Home\u00f3pata especialista en Diabetes, con domicilio en Fruto Romero 2443, El Dean, 44440, Guadalajara, Jal. Y portal de internet lauraluquin.com, es el responsable del uso y protecci\u00f3n de sus datos personales, y al respecto le informamos lo siguiente:\u00bfPara qu\u00e9 fines utilizaremos sus datos [&hellip;]<\/p>\n","protected":false},"author":1,"featured_media":0,"parent":0,"menu_order":0,"comment_status":"closed","ping_status":"closed","template":"elementor_header_footer","meta":{"footnotes":""},"class_list":["post-3","page","type-page","status-publish","hentry"],"yoast_head":"<!-- This site is optimized with the Yoast SEO plugin v27.1.1 - https:\/\/yoast.com\/product\/yoast-seo-wordpress\/ -->\n<title>Aviso de privacidad - Home\u00f3pata Laura Luquin<\/title>\n<meta name=\"robots\" content=\"index, follow, max-snippet:-1, max-image-preview:large, max-video-preview:-1\" \/>\n<link rel=\"canonical\" href=\"https:\/\/lauraluquin.com\/fr\/aviso-de-privacidad\/\" \/>\n<meta property=\"og:locale\" content=\"fr_FR\" \/>\n<meta property=\"og:type\" content=\"article\" \/>\n<meta property=\"og:title\" content=\"Aviso de privacidad - Home\u00f3pata Laura Luquin\" \/>\n<meta property=\"og:description\" content=\"Aviso de privacidad LAURA TERESA LUQUIN BARAJAS, m\u00e1s conocida como Laura Luquin, Home\u00f3pata especialista en Diabetes, con domicilio en Fruto Romero 2443, El Dean, 44440, Guadalajara, Jal. Y portal de internet lauraluquin.com, es el responsable del uso y protecci\u00f3n de sus datos personales, y al respecto le informamos lo siguiente:\u00bfPara qu\u00e9 fines utilizaremos sus datos [&hellip;]\" \/>\n<meta property=\"og:url\" content=\"https:\/\/lauraluquin.com\/fr\/aviso-de-privacidad\/\" \/>\n<meta property=\"og:site_name\" content=\"Home\u00f3pata Laura Luquin\" \/>\n<meta property=\"article:modified_time\" content=\"2025-11-23T20:43:21+00:00\" \/>\n<meta name=\"twitter:card\" content=\"summary_large_image\" \/>\n<meta name=\"twitter:label1\" content=\"Dur\u00e9e de lecture estim\u00e9e\" \/>\n\t<meta name=\"twitter:data1\" content=\"4 minutes\" \/>\n<script type=\"application\/ld+json\" class=\"yoast-schema-graph\">{\"@context\":\"https:\/\/schema.org\",\"@graph\":[{\"@type\":\"WebPage\",\"@id\":\"https:\/\/lauraluquin.com\/aviso-de-privacidad\/\",\"url\":\"https:\/\/lauraluquin.com\/aviso-de-privacidad\/\",\"name\":\"Aviso de privacidad - Home\u00f3pata Laura Luquin\",\"isPartOf\":{\"@id\":\"https:\/\/lauraluquin.com\/es\/#website\"},\"datePublished\":\"2025-10-27T20:08:56+00:00\",\"dateModified\":\"2025-11-23T20:43:21+00:00\",\"breadcrumb\":{\"@id\":\"https:\/\/lauraluquin.com\/aviso-de-privacidad\/#breadcrumb\"},\"inLanguage\":\"fr-FR\",\"potentialAction\":[{\"@type\":\"ReadAction\",\"target\":[\"https:\/\/lauraluquin.com\/aviso-de-privacidad\/\"]}]},{\"@type\":\"BreadcrumbList\",\"@id\":\"https:\/\/lauraluquin.com\/aviso-de-privacidad\/#breadcrumb\",\"itemListElement\":[{\"@type\":\"ListItem\",\"position\":1,\"name\":\"Portada\",\"item\":\"https:\/\/lauraluquin.com\/\"},{\"@type\":\"ListItem\",\"position\":2,\"name\":\"Aviso de privacidad\"}]},{\"@type\":\"WebSite\",\"@id\":\"https:\/\/lauraluquin.com\/es\/#website\",\"url\":\"https:\/\/lauraluquin.com\/es\/\",\"name\":\"Home\u00f3pata Laura Luquin\",\"description\":\"Consultas de homeopat\u00eda para el control de la diabetes, enfocadas en recuperar energ\u00eda y vitalidad.\",\"potentialAction\":[{\"@type\":\"SearchAction\",\"target\":{\"@type\":\"EntryPoint\",\"urlTemplate\":\"https:\/\/lauraluquin.com\/es\/?s={search_term_string}\"},\"query-input\":{\"@type\":\"PropertyValueSpecification\",\"valueRequired\":true,\"valueName\":\"search_term_string\"}}],\"inLanguage\":\"fr-FR\"}]}<\/script>\n<!-- \/ Yoast SEO plugin. -->","yoast_head_json":{"title":"Aviso de privacidad - Home\u00f3pata Laura Luquin","robots":{"index":"index","follow":"follow","max-snippet":"max-snippet:-1","max-image-preview":"max-image-preview:large","max-video-preview":"max-video-preview:-1"},"canonical":"https:\/\/lauraluquin.com\/fr\/aviso-de-privacidad\/","og_locale":"fr_FR","og_type":"article","og_title":"Aviso de privacidad - Home\u00f3pata Laura Luquin","og_description":"Aviso de privacidad LAURA TERESA LUQUIN BARAJAS, m\u00e1s conocida como Laura Luquin, Home\u00f3pata especialista en Diabetes, con domicilio en Fruto Romero 2443, El Dean, 44440, Guadalajara, Jal. Y portal de internet lauraluquin.com, es el responsable del uso y protecci\u00f3n de sus datos personales, y al respecto le informamos lo siguiente:\u00bfPara qu\u00e9 fines utilizaremos sus datos [&hellip;]","og_url":"https:\/\/lauraluquin.com\/fr\/aviso-de-privacidad\/","og_site_name":"Home\u00f3pata Laura Luquin","article_modified_time":"2025-11-23T20:43:21+00:00","twitter_card":"summary_large_image","twitter_misc":{"Dur\u00e9e de lecture estim\u00e9e":"4 minutes"},"schema":{"@context":"https:\/\/schema.org","@graph":[{"@type":"WebPage","@id":"https:\/\/lauraluquin.com\/aviso-de-privacidad\/","url":"https:\/\/lauraluquin.com\/aviso-de-privacidad\/","name":"Aviso de privacidad - Home\u00f3pata Laura Luquin","isPartOf":{"@id":"https:\/\/lauraluquin.com\/es\/#website"},"datePublished":"2025-10-27T20:08:56+00:00","dateModified":"2025-11-23T20:43:21+00:00","breadcrumb":{"@id":"https:\/\/lauraluquin.com\/aviso-de-privacidad\/#breadcrumb"},"inLanguage":"fr-FR","potentialAction":[{"@type":"ReadAction","target":["https:\/\/lauraluquin.com\/aviso-de-privacidad\/"]}]},{"@type":"BreadcrumbList","@id":"https:\/\/lauraluquin.com\/aviso-de-privacidad\/#breadcrumb","itemListElement":[{"@type":"ListItem","position":1,"name":"Portada","item":"https:\/\/lauraluquin.com\/"},{"@type":"ListItem","position":2,"name":"Aviso de privacidad"}]},{"@type":"WebSite","@id":"https:\/\/lauraluquin.com\/es\/#website","url":"https:\/\/lauraluquin.com\/es\/","name":"Home\u00f3pata Laura Luquin","description":"Consultations d\u2019hom\u00e9opathie pour le contr\u00f4le du diab\u00e8te, ax\u00e9es sur le retour de l\u2019\u00e9nergie et de la vitalit\u00e9.","potentialAction":[{"@type":"SearchAction","target":{"@type":"EntryPoint","urlTemplate":"https:\/\/lauraluquin.com\/es\/?s={search_term_string}"},"query-input":{"@type":"PropertyValueSpecification","valueRequired":true,"valueName":"search_term_string"}}],"inLanguage":"fr-FR"}]}},"_links":{"self":[{"href":"https:\/\/lauraluquin.com\/fr\/wp-json\/wp\/v2\/pages\/3","targetHints":{"allow":["GET"]}}],"collection":[{"href":"https:\/\/lauraluquin.com\/fr\/wp-json\/wp\/v2\/pages"}],"about":[{"href":"https:\/\/lauraluquin.com\/fr\/wp-json\/wp\/v2\/types\/page"}],"author":[{"embeddable":true,"href":"https:\/\/lauraluquin.com\/fr\/wp-json\/wp\/v2\/users\/1"}],"replies":[{"embeddable":true,"href":"https:\/\/lauraluquin.com\/fr\/wp-json\/wp\/v2\/comments?post=3"}],"version-history":[{"count":22,"href":"https:\/\/lauraluquin.com\/fr\/wp-json\/wp\/v2\/pages\/3\/revisions"}],"predecessor-version":[{"id":1440,"href":"https:\/\/lauraluquin.com\/fr\/wp-json\/wp\/v2\/pages\/3\/revisions\/1440"}],"wp:attachment":[{"href":"https:\/\/lauraluquin.com\/fr\/wp-json\/wp\/v2\/media?parent=3"}],"curies":[{"name":"wp","href":"https:\/\/api.w.org\/{rel}","templated":true}]}}